{"id":3407,"date":"2024-04-15T15:36:05","date_gmt":"2024-04-15T13:36:05","guid":{"rendered":"https:\/\/elbwire.com\/?page_id=3407"},"modified":"2024-06-25T17:23:06","modified_gmt":"2024-06-25T15:23:06","slug":"faq","status":"publish","type":"page","link":"https:\/\/elbwire.com\/de\/faq\/","title":{"rendered":"FAQ"},"content":{"rendered":"<div data-elementor-type=\"wp-page\" data-elementor-id=\"3407\" class=\"elementor elementor-3407\" data-elementor-post-type=\"page\">\n\t\t\t\t\t\t<section data-particle_enable=\"false\" data-particle-mobile-disabled=\"false\" class=\"elementor-section elementor-top-section elementor-element elementor-element-1d1902d2 elementor-section-height-min-height elementor-section-content-middle elementor-section-boxed elementor-section-height-default elementor-section-items-middle\" data-id=\"1d1902d2\" data-element_type=\"section\" data-e-type=\"section\" data-settings=\"{&quot;background_background&quot;:&quot;classic&quot;}\">\n\t\t\t\t\t\t\t<div class=\"elementor-background-overlay\"><\/div>\n\t\t\t\t\t\t\t<div class=\"elementor-container elementor-column-gap-no\">\n\t\t\t\t\t<div class=\"elementor-column elementor-col-100 elementor-top-column elementor-element elementor-element-2757ea79\" data-id=\"2757ea79\" data-element_type=\"column\" data-e-type=\"column\">\n\t\t\t<div class=\"elementor-widget-wrap elementor-element-populated\">\n\t\t\t\t\t\t<div class=\"elementor-element elementor-element-15200590 elementor-widget elementor-widget-heading\" data-id=\"15200590\" data-element_type=\"widget\" data-e-type=\"widget\" data-widget_type=\"heading.default\">\n\t\t\t\t<div class=\"elementor-widget-container\">\n\t\t\t\t\t<h2 class=\"elementor-heading-title elementor-size-default\">Du<\/h2>\t\t\t\t<\/div>\n\t\t\t\t<\/div>\n\t\t\t\t<div class=\"elementor-element elementor-element-cb90644 elementor-widget elementor-widget-heading\" data-id=\"cb90644\" data-element_type=\"widget\" data-e-type=\"widget\" data-widget_type=\"heading.default\">\n\t\t\t\t<div class=\"elementor-widget-container\">\n\t\t\t\t\t<h2 class=\"elementor-heading-title elementor-size-default\">brauchst Hilfe?<\/h2>\t\t\t\t<\/div>\n\t\t\t\t<\/div>\n\t\t\t\t\t<\/div>\n\t\t<\/div>\n\t\t\t\t\t<\/div>\n\t\t<\/section>\n\t\t\t\t<section data-particle_enable=\"false\" data-particle-mobile-disabled=\"false\" class=\"elementor-section elementor-top-section elementor-element elementor-element-958cfe6 elementor-section-boxed elementor-section-height-default elementor-section-height-default\" data-id=\"958cfe6\" data-element_type=\"section\" data-e-type=\"section\">\n\t\t\t\t\t\t<div class=\"elementor-container elementor-column-gap-default\">\n\t\t\t\t\t<div class=\"elementor-column elementor-col-100 elementor-top-column elementor-element elementor-element-a12b441\" data-id=\"a12b441\" data-element_type=\"column\" data-e-type=\"column\">\n\t\t\t<div class=\"elementor-widget-wrap elementor-element-populated\">\n\t\t\t\t\t\t<div class=\"elementor-element elementor-element-82aff66 elementor-widget elementor-widget-heading\" data-id=\"82aff66\" data-element_type=\"widget\" data-e-type=\"widget\" data-widget_type=\"heading.default\">\n\t\t\t\t<div class=\"elementor-widget-container\">\n\t\t\t\t\t<h2 class=\"elementor-heading-title elementor-size-default\">Konto &amp; Einstellungen<\/h2>\t\t\t\t<\/div>\n\t\t\t\t<\/div>\n\t\t\t\t<div class=\"elementor-element elementor-element-1d051cc elementor-widget elementor-widget-eael-adv-accordion\" data-id=\"1d051cc\" data-element_type=\"widget\" data-e-type=\"widget\" data-widget_type=\"eael-adv-accordion.default\">\n\t\t\t\t<div class=\"elementor-widget-container\">\n\t\t\t\t\t            <div class=\"eael-adv-accordion\" id=\"eael-adv-accordion-1d051cc\" data-scroll-on-click=\"no\" data-scroll-speed=\"300\" data-accordion-id=\"1d051cc\" data-accordion-type=\"accordion\" data-toogle-speed=\"300\">\n            <div class=\"eael-accordion-list\">\n\t\t\t\t\t<div id=\"how-can-i-subscribe\" class=\"elementor-tab-title eael-accordion-header\" tabindex=\"0\" data-tab=\"1\" aria-controls=\"elementor-tab-content-3041\"><span class=\"eael-advanced-accordion-icon-closed\"><i aria-hidden=\"true\" class=\"fa-accordion-icon fas fa-plus\"><\/i><\/span><span class=\"eael-advanced-accordion-icon-opened\"><i aria-hidden=\"true\" class=\"fa-accordion-icon fas fa-minus\"><\/i><\/span><span class=\"eael-accordion-tab-title\">Wie kann ich ein Abo abschlie\u00dfen?<\/span><i aria-hidden=\"true\" class=\"fa-toggle fas fa-angle-right\"><\/i><\/div><div id=\"elementor-tab-content-3041\" class=\"eael-accordion-content clearfix\" data-tab=\"1\" aria-labelledby=\"how-can-i-subscribe\"><p>Klicke in der Seitennavigation auf den Link \u201cSubscriptions\u201d. Dar\u00fcber gelangst Du zu unserer Produkt\u00fcbersicht. W\u00e4hle das passende Produkt und den passenden Zeitraum (monatlich oder j\u00e4hrlich) aus und klicke auf \u201cUpgrade now\u201d. Danach kannst Du Deine Bezahldaten sicher eingeben und den Kauf abschlie\u00dfen.<\/p><\/div>\n\t\t\t\t\t<\/div><div class=\"eael-accordion-list\">\n\t\t\t\t\t<div id=\"how-can-i-cancel-my-subscription-\" class=\"elementor-tab-title eael-accordion-header\" tabindex=\"0\" data-tab=\"2\" aria-controls=\"elementor-tab-content-3042\"><span class=\"eael-advanced-accordion-icon-closed\"><i aria-hidden=\"true\" class=\"fa-accordion-icon fas fa-plus\"><\/i><\/span><span class=\"eael-advanced-accordion-icon-opened\"><i aria-hidden=\"true\" class=\"fa-accordion-icon fas fa-minus\"><\/i><\/span><span class=\"eael-accordion-tab-title\">Wie kann ich mein Abonnement k\u00fcndigen? <\/span><i aria-hidden=\"true\" class=\"fa-toggle fas fa-angle-right\"><\/i><\/div><div id=\"elementor-tab-content-3042\" class=\"eael-accordion-content clearfix\" data-tab=\"2\" aria-labelledby=\"how-can-i-cancel-my-subscription-\"><p>Klicke in der Seitennavigation auf den Link \u201cSubscriptions\u201d. Dar\u00fcber gelangst Du zu unserer Produkt\u00fcbersicht. Klicke auf den Link \u201cCancel subscription\u201d unter Deinem aktuellen Produkt.<\/p><\/div>\n\t\t\t\t\t<\/div><div class=\"eael-accordion-list\">\n\t\t\t\t\t<div id=\"what-happens-to-my-projects-when-the-trial-period-expires-\" class=\"elementor-tab-title eael-accordion-header\" tabindex=\"0\" data-tab=\"3\" aria-controls=\"elementor-tab-content-3043\"><span class=\"eael-advanced-accordion-icon-closed\"><i aria-hidden=\"true\" class=\"fa-accordion-icon fas fa-plus\"><\/i><\/span><span class=\"eael-advanced-accordion-icon-opened\"><i aria-hidden=\"true\" class=\"fa-accordion-icon fas fa-minus\"><\/i><\/span><span class=\"eael-accordion-tab-title\">Was passiert mit meinen Projekten, wenn die Testphase abl\u00e4uft? <\/span><i aria-hidden=\"true\" class=\"fa-toggle fas fa-angle-right\"><\/i><\/div><div id=\"elementor-tab-content-3043\" class=\"eael-accordion-content clearfix\" data-tab=\"3\" aria-labelledby=\"what-happens-to-my-projects-when-the-trial-period-expires-\"><p>Keine Sorge, alle Deine Projekte und Ergebnisse bleiben erhalten und k\u00f6nnen weiter aufgerufen werden. Um neue Simulationen und Optimierungen zu starten, ist dagegen ein Upgrade notwendig.<\/p><\/div>\n\t\t\t\t\t<\/div><div class=\"eael-accordion-list\">\n\t\t\t\t\t<div id=\"how-can-i-change-my-email-address-\" class=\"elementor-tab-title eael-accordion-header\" tabindex=\"0\" data-tab=\"4\" aria-controls=\"elementor-tab-content-3044\"><span class=\"eael-advanced-accordion-icon-closed\"><i aria-hidden=\"true\" class=\"fa-accordion-icon fas fa-plus\"><\/i><\/span><span class=\"eael-advanced-accordion-icon-opened\"><i aria-hidden=\"true\" class=\"fa-accordion-icon fas fa-minus\"><\/i><\/span><span class=\"eael-accordion-tab-title\">Wie kann ich meine E-Mail-Adresse \u00e4ndern? <\/span><i aria-hidden=\"true\" class=\"fa-toggle fas fa-angle-right\"><\/i><\/div><div id=\"elementor-tab-content-3044\" class=\"eael-accordion-content clearfix\" data-tab=\"4\" aria-labelledby=\"how-can-i-change-my-email-address-\"><p>Bitte schreibe eine Email an den Support (support@elbwire.com), um Deine E-Mail Adresse zu \u00e4ndern.<\/p><\/div>\n\t\t\t\t\t<\/div><\/div>\t\t\t\t<\/div>\n\t\t\t\t<\/div>\n\t\t\t\t<div class=\"elementor-element elementor-element-cae8356 elementor-widget elementor-widget-heading\" data-id=\"cae8356\" data-element_type=\"widget\" data-e-type=\"widget\" data-widget_type=\"heading.default\">\n\t\t\t\t<div class=\"elementor-widget-container\">\n\t\t\t\t\t<h2 class=\"elementor-heading-title elementor-size-default\">Projekte<\/h2>\t\t\t\t<\/div>\n\t\t\t\t<\/div>\n\t\t\t\t<div class=\"elementor-element elementor-element-d121386 elementor-widget elementor-widget-eael-adv-accordion\" data-id=\"d121386\" data-element_type=\"widget\" data-e-type=\"widget\" data-widget_type=\"eael-adv-accordion.default\">\n\t\t\t\t<div class=\"elementor-widget-container\">\n\t\t\t\t\t            <div class=\"eael-adv-accordion\" id=\"eael-adv-accordion-d121386\" data-scroll-on-click=\"no\" data-scroll-speed=\"300\" data-accordion-id=\"d121386\" data-accordion-type=\"accordion\" data-toogle-speed=\"300\">\n            <div class=\"eael-accordion-list\">\n\t\t\t\t\t<div id=\"how-do-i-create-a-new-project-\" class=\"elementor-tab-title eael-accordion-header\" tabindex=\"0\" data-tab=\"1\" aria-controls=\"elementor-tab-content-2191\"><span class=\"eael-advanced-accordion-icon-closed\"><i aria-hidden=\"true\" class=\"fa-accordion-icon fas fa-plus\"><\/i><\/span><span class=\"eael-advanced-accordion-icon-opened\"><i aria-hidden=\"true\" class=\"fa-accordion-icon fas fa-minus\"><\/i><\/span><span class=\"eael-accordion-tab-title\">Wie lege ich ein neues Projekt an? <\/span><i aria-hidden=\"true\" class=\"fa-toggle fas fa-angle-right\"><\/i><\/div><div id=\"elementor-tab-content-2191\" class=\"eael-accordion-content clearfix\" data-tab=\"1\" aria-labelledby=\"how-do-i-create-a-new-project-\"><p>Klicke einfach im Dashboard oben rechts auf \u201cNeues Projekt\u201d. Dadurch wird ein neues Projekt erstellt, mit dem Du direkt weiterarbeiten kannst.<\/p><\/div>\n\t\t\t\t\t<\/div><div class=\"eael-accordion-list\">\n\t\t\t\t\t<div id=\"how-can-i-adjust-more-project-settings\" class=\"elementor-tab-title eael-accordion-header\" tabindex=\"0\" data-tab=\"2\" aria-controls=\"elementor-tab-content-2192\"><span class=\"eael-advanced-accordion-icon-closed\"><i aria-hidden=\"true\" class=\"fa-accordion-icon fas fa-plus\"><\/i><\/span><span class=\"eael-advanced-accordion-icon-opened\"><i aria-hidden=\"true\" class=\"fa-accordion-icon fas fa-minus\"><\/i><\/span><span class=\"eael-accordion-tab-title\">Wie kann ich weitere Projekteinstellungen anpassen?<\/span><i aria-hidden=\"true\" class=\"fa-toggle fas fa-angle-right\"><\/i><\/div><div id=\"elementor-tab-content-2192\" class=\"eael-accordion-content clearfix\" data-tab=\"2\" aria-labelledby=\"how-can-i-adjust-more-project-settings\"><p>In der Projekt Detailseite kannst Du im Tab \u201cProject Parameters\u201d den Namen, Status und Kunden des Projektes anpassen.<\/p><\/div>\n\t\t\t\t\t<\/div><div class=\"eael-accordion-list\">\n\t\t\t\t\t<div id=\"what-do-the-project-statuses-mean\" class=\"elementor-tab-title eael-accordion-header\" tabindex=\"0\" data-tab=\"3\" aria-controls=\"elementor-tab-content-2193\"><span class=\"eael-advanced-accordion-icon-closed\"><i aria-hidden=\"true\" class=\"fa-accordion-icon fas fa-plus\"><\/i><\/span><span class=\"eael-advanced-accordion-icon-opened\"><i aria-hidden=\"true\" class=\"fa-accordion-icon fas fa-minus\"><\/i><\/span><span class=\"eael-accordion-tab-title\">Wof\u00fcr stehen die Projektstatus?<\/span><i aria-hidden=\"true\" class=\"fa-toggle fas fa-angle-right\"><\/i><\/div><div id=\"elementor-tab-content-2193\" class=\"eael-accordion-content clearfix\" data-tab=\"3\" aria-labelledby=\"what-do-the-project-statuses-mean\"><p>Den Projektstatus kannst Du selber vergeben, um Deine Projekte zu strukturieren und zu filtern. So beh\u00e4ltst Du die \u00dcbersicht \u00fcber zuk\u00fcnftige (Entw\u00fcrfe), laufende (In Bearbeitung) und fertig gestellte (Abgeschlossene) Projekte.<\/p><\/div>\n\t\t\t\t\t<\/div><div class=\"eael-accordion-list\">\n\t\t\t\t\t<div id=\"how-can-i-increase-the-number-of-defined-projects\" class=\"elementor-tab-title eael-accordion-header\" tabindex=\"0\" data-tab=\"4\" aria-controls=\"elementor-tab-content-2194\"><span class=\"eael-advanced-accordion-icon-closed\"><i aria-hidden=\"true\" class=\"fa-accordion-icon fas fa-plus\"><\/i><\/span><span class=\"eael-advanced-accordion-icon-opened\"><i aria-hidden=\"true\" class=\"fa-accordion-icon fas fa-minus\"><\/i><\/span><span class=\"eael-accordion-tab-title\">Wie kann ich die Anzahl der festgelegten Projekte erh\u00f6hen?<\/span><i aria-hidden=\"true\" class=\"fa-toggle fas fa-angle-right\"><\/i><\/div><div id=\"elementor-tab-content-2194\" class=\"eael-accordion-content clearfix\" data-tab=\"4\" aria-labelledby=\"how-can-i-increase-the-number-of-defined-projects\"><p>Durch ein Produkt Upgrade erh\u00f6ht sich automatisch die maximale Anzahl Deiner Projekte. Aktuell kannst du zwischen dem \"Essential\" und \"Enterprise\" Paket ausw\u00e4hlen.<\/p><\/div>\n\t\t\t\t\t<\/div><\/div>\t\t\t\t<\/div>\n\t\t\t\t<\/div>\n\t\t\t\t<div class=\"elementor-element elementor-element-56fb3ae elementor-widget elementor-widget-heading\" data-id=\"56fb3ae\" data-element_type=\"widget\" data-e-type=\"widget\" data-widget_type=\"heading.default\">\n\t\t\t\t<div class=\"elementor-widget-container\">\n\t\t\t\t\t<h2 class=\"elementor-heading-title elementor-size-default\">Ergebnisse<\/h2>\t\t\t\t<\/div>\n\t\t\t\t<\/div>\n\t\t\t\t<div class=\"elementor-element elementor-element-4b600d3 elementor-widget elementor-widget-eael-adv-accordion\" data-id=\"4b600d3\" data-element_type=\"widget\" data-e-type=\"widget\" data-widget_type=\"eael-adv-accordion.default\">\n\t\t\t\t<div class=\"elementor-widget-container\">\n\t\t\t\t\t            <div class=\"eael-adv-accordion\" id=\"eael-adv-accordion-4b600d3\" data-scroll-on-click=\"no\" data-scroll-speed=\"300\" data-accordion-id=\"4b600d3\" data-accordion-type=\"accordion\" data-toogle-speed=\"300\">\n            <div class=\"eael-accordion-list\">\n\t\t\t\t\t<div id=\"why-are-results-sometimes-different-for-the-same-input-parameters\" class=\"elementor-tab-title eael-accordion-header\" tabindex=\"0\" data-tab=\"1\" aria-controls=\"elementor-tab-content-7901\"><span class=\"eael-advanced-accordion-icon-closed\"><i aria-hidden=\"true\" class=\"fa-accordion-icon fas fa-plus\"><\/i><\/span><span class=\"eael-advanced-accordion-icon-opened\"><i aria-hidden=\"true\" class=\"fa-accordion-icon fas fa-minus\"><\/i><\/span><span class=\"eael-accordion-tab-title\">Warum sind Ergebnisse bei gleichen Eingabeparametern manchmal unterschiedlich?<\/span><i aria-hidden=\"true\" class=\"fa-toggle fas fa-angle-right\"><\/i><\/div><div id=\"elementor-tab-content-7901\" class=\"eael-accordion-content clearfix\" data-tab=\"1\" aria-labelledby=\"why-are-results-sometimes-different-for-the-same-input-parameters\"><p>Bei der Optimierung werde zu jeder der zahlreichen Konfigurationen entsprechende Simulationen erstellt. Dabei spielen Zufallsgeneratoren eine Rolle, um die Auswirkungen m\u00f6glichst vielf\u00e4ltig und realistisch zu simulieren. Wie in der Realit\u00e4t scheint in manchen Jahren etwas mehr Sonne, und in manchen etwas weniger, und verteilt sich unterschiedlich auf die Tage. Dadurch k\u00f6nnen Abweichungen bei gleichen Eingabeparametern entstehen.<\/p><\/div>\n\t\t\t\t\t<\/div><div class=\"eael-accordion-list\">\n\t\t\t\t\t<div id=\"how-are-the-optimized-solutions-determined\" class=\"elementor-tab-title eael-accordion-header\" tabindex=\"0\" data-tab=\"2\" aria-controls=\"elementor-tab-content-7902\"><span class=\"eael-advanced-accordion-icon-closed\"><i aria-hidden=\"true\" class=\"fa-accordion-icon fas fa-plus\"><\/i><\/span><span class=\"eael-advanced-accordion-icon-opened\"><i aria-hidden=\"true\" class=\"fa-accordion-icon fas fa-minus\"><\/i><\/span><span class=\"eael-accordion-tab-title\">Wie werden die optimierten L\u00f6sungen ermittelt?<\/span><i aria-hidden=\"true\" class=\"fa-toggle fas fa-angle-right\"><\/i><\/div><div id=\"elementor-tab-content-7902\" class=\"eael-accordion-content clearfix\" data-tab=\"2\" aria-labelledby=\"how-are-the-optimized-solutions-determined\"><p>Basierend auf Deinen Eingabeparametern werden hunderte oder tausende von m\u00f6glichen Konfigurationen erstellt. Diese werden simuliert und analysiert. Mithilfe von KI werden die Konfigurationen verbessert, bis eine optimale L\u00f6sung aus durchschnittlich 1060 Optionen gefunden ist.<\/p><\/div>\n\t\t\t\t\t<\/div><\/div>\t\t\t\t<\/div>\n\t\t\t\t<\/div>\n\t\t\t\t<div class=\"elementor-element elementor-element-5fa40ed elementor-widget elementor-widget-heading\" data-id=\"5fa40ed\" data-element_type=\"widget\" data-e-type=\"widget\" data-widget_type=\"heading.default\">\n\t\t\t\t<div class=\"elementor-widget-container\">\n\t\t\t\t\t<h2 class=\"elementor-heading-title elementor-size-default\">Optimierungseinstellungen<\/h2>\t\t\t\t<\/div>\n\t\t\t\t<\/div>\n\t\t\t\t<div class=\"elementor-element elementor-element-a3b0ef8 elementor-widget elementor-widget-eael-adv-accordion\" data-id=\"a3b0ef8\" data-element_type=\"widget\" data-e-type=\"widget\" data-widget_type=\"eael-adv-accordion.default\">\n\t\t\t\t<div class=\"elementor-widget-container\">\n\t\t\t\t\t            <div class=\"eael-adv-accordion\" id=\"eael-adv-accordion-a3b0ef8\" data-scroll-on-click=\"no\" data-scroll-speed=\"300\" data-accordion-id=\"a3b0ef8\" data-accordion-type=\"accordion\" data-toogle-speed=\"300\">\n            <div class=\"eael-accordion-list\">\n\t\t\t\t\t<div id=\"what-dataassumptions-are-the-calculations-based-on\" class=\"elementor-tab-title eael-accordion-header\" tabindex=\"0\" data-tab=\"1\" aria-controls=\"elementor-tab-content-1711\"><span class=\"eael-advanced-accordion-icon-closed\"><i aria-hidden=\"true\" class=\"fa-accordion-icon fas fa-plus\"><\/i><\/span><span class=\"eael-advanced-accordion-icon-opened\"><i aria-hidden=\"true\" class=\"fa-accordion-icon fas fa-minus\"><\/i><\/span><span class=\"eael-accordion-tab-title\">Auf welchen Daten\/Grundannahmen basieren die Berechnungen?<\/span><i aria-hidden=\"true\" class=\"fa-toggle fas fa-angle-right\"><\/i><\/div><div id=\"elementor-tab-content-1711\" class=\"eael-accordion-content clearfix\" data-tab=\"1\" aria-labelledby=\"what-dataassumptions-are-the-calculations-based-on\"><p>Die Berechnungen f\u00fcr die Simulation basieren insbesondere auf physikalischen Gegebenheiten, historischen meteorologischen Wetterdaten sowie Produkteigenschaften. Letztere k\u00f6nnen in vielen F\u00e4llen von Dir angepasst werden, wie z.B. die Ladeleistung oder der Wirkungsgrad von Ladestationen.<\/p><\/div>\n\t\t\t\t\t<\/div><div class=\"eael-accordion-list\">\n\t\t\t\t\t<div id=\"on-what-parameters-can-i-optimize-my-projects\" class=\"elementor-tab-title eael-accordion-header\" tabindex=\"0\" data-tab=\"2\" aria-controls=\"elementor-tab-content-1712\"><span class=\"eael-advanced-accordion-icon-closed\"><i aria-hidden=\"true\" class=\"fa-accordion-icon fas fa-plus\"><\/i><\/span><span class=\"eael-advanced-accordion-icon-opened\"><i aria-hidden=\"true\" class=\"fa-accordion-icon fas fa-minus\"><\/i><\/span><span class=\"eael-accordion-tab-title\">Auf welche Parameter kann ich meine Projekte optimieren?<\/span><i aria-hidden=\"true\" class=\"fa-toggle fas fa-angle-right\"><\/i><\/div><div id=\"elementor-tab-content-1712\" class=\"eael-accordion-content clearfix\" data-tab=\"2\" aria-labelledby=\"on-what-parameters-can-i-optimize-my-projects\"><p>Du kannst aktuell auf folgende Parameter optimieren:<\/p>\n<ul>\n<li>Minimierung der Investitionskosten<\/li>\n<li><span style=\"color: #555555;font-size: 14.4px\">Minimierung der TCO<\/span><\/li>\n<li><span style=\"color: #555555;font-size: 14.4px\">Minimierung der J\u00e4hrlichen Kosten<\/span><\/li>\n<\/ul><\/div>\n\t\t\t\t\t<\/div><div class=\"eael-accordion-list\">\n\t\t\t\t\t<div id=\"what-does-tco-total-cost-of-ownership-mean\" class=\"elementor-tab-title eael-accordion-header\" tabindex=\"0\" data-tab=\"3\" aria-controls=\"elementor-tab-content-1713\"><span class=\"eael-advanced-accordion-icon-closed\"><i aria-hidden=\"true\" class=\"fa-accordion-icon fas fa-plus\"><\/i><\/span><span class=\"eael-advanced-accordion-icon-opened\"><i aria-hidden=\"true\" class=\"fa-accordion-icon fas fa-minus\"><\/i><\/span><span class=\"eael-accordion-tab-title\">Was bedeutet TCO (Total Cost of Ownership)?<\/span><i aria-hidden=\"true\" class=\"fa-toggle fas fa-angle-right\"><\/i><\/div><div id=\"elementor-tab-content-1713\" class=\"eael-accordion-content clearfix\" data-tab=\"3\" aria-labelledby=\"what-does-tco-total-cost-of-ownership-mean\"><p>Total Cost of Ownership (TCO) bezeichnet die Gesamtkosten der Konfigurationen. Dies beinhaltet sowohl die Investitionen als auch Betrieb und Wartung \u00fcber den definierten Zeitraum bei Ber\u00fccksichtigung des angegebenen Zinssatzes. Dadurch k\u00f6nnen verschiedene Konfigurationen besser finanziell bewertet und verglichen werden.<\/p><\/div>\n\t\t\t\t\t<\/div><div class=\"eael-accordion-list\">\n\t\t\t\t\t<div id=\"what-is-the-difference-between-yearly-costs-and-investment-costs\" class=\"elementor-tab-title eael-accordion-header\" tabindex=\"0\" data-tab=\"4\" aria-controls=\"elementor-tab-content-1714\"><span class=\"eael-advanced-accordion-icon-closed\"><i aria-hidden=\"true\" class=\"fa-accordion-icon fas fa-plus\"><\/i><\/span><span class=\"eael-advanced-accordion-icon-opened\"><i aria-hidden=\"true\" class=\"fa-accordion-icon fas fa-minus\"><\/i><\/span><span class=\"eael-accordion-tab-title\">Was ist der Unterschied zwischen \u201cYearly Costs\u201d und \u201cInvestment costs\u201d?<\/span><i aria-hidden=\"true\" class=\"fa-toggle fas fa-angle-right\"><\/i><\/div><div id=\"elementor-tab-content-1714\" class=\"eael-accordion-content clearfix\" data-tab=\"4\" aria-labelledby=\"what-is-the-difference-between-yearly-costs-and-investment-costs\"><p>Die Yearly costs sind die durchschnittlichen J\u00e4hrlichen Betriebskosten, w\u00e4hrend die Investitionskosten die initialen Kosten f\u00fcr die Installation, Aufbau und Kauf ber\u00fccksichtigen.<\/p><\/div>\n\t\t\t\t\t<\/div><\/div>\t\t\t\t<\/div>\n\t\t\t\t<\/div>\n\t\t\t\t<div class=\"elementor-element elementor-element-688d52f elementor-widget elementor-widget-heading\" data-id=\"688d52f\" data-element_type=\"widget\" data-e-type=\"widget\" data-widget_type=\"heading.default\">\n\t\t\t\t<div class=\"elementor-widget-container\">\n\t\t\t\t\t<h2 class=\"elementor-heading-title elementor-size-default\">Deine Antwort war nicht dabei?<\/h2>\t\t\t\t<\/div>\n\t\t\t\t<\/div>\n\t\t\t\t\t<\/div>\n\t\t<\/div>\n\t\t\t\t\t<\/div>\n\t\t<\/section>\n\t\t\t\t<section data-particle_enable=\"false\" data-particle-mobile-disabled=\"false\" class=\"elementor-section elementor-top-section elementor-element elementor-element-3d60247 elementor-section-boxed elementor-section-height-default elementor-section-height-default\" data-id=\"3d60247\" data-element_type=\"section\" data-e-type=\"section\">\n\t\t\t\t\t\t<div class=\"elementor-container elementor-column-gap-default\">\n\t\t\t\t\t<div class=\"elementor-column elementor-col-100 elementor-top-column elementor-element elementor-element-a1e361c\" data-id=\"a1e361c\" data-element_type=\"column\" data-e-type=\"column\">\n\t\t\t<div class=\"elementor-widget-wrap elementor-element-populated\">\n\t\t\t\t\t\t<div class=\"elementor-element elementor-element-4d755ce elementor-widget elementor-widget-text-editor\" data-id=\"4d755ce\" data-element_type=\"widget\" data-e-type=\"widget\" data-widget_type=\"text-editor.default\">\n\t\t\t\t<div class=\"elementor-widget-container\">\n\t\t\t\t\t\t\t\t\t<p>Suche gerne in unserer <a href=\"https:\/\/elbwire.com\/de\/community\/\">Community<\/a> nach Antworten oder erstelle dein eigenes Thema. <br>Teile mit uns dein Wissen, verbinde dich mit anderen und werde Teil der elbwire Community!<br><\/p>\t\t\t\t\t\t\t\t<\/div>\n\t\t\t\t<\/div>\n\t\t\t\t\t<\/div>\n\t\t<\/div>\n\t\t\t\t\t<\/div>\n\t\t<\/section>\n\t\t\t\t<section data-particle_enable=\"false\" data-particle-mobile-disabled=\"false\" class=\"elementor-section elementor-top-section elementor-element elementor-element-2a9ee36 elementor-section-boxed elementor-section-height-default elementor-section-height-default\" data-id=\"2a9ee36\" data-element_type=\"section\" data-e-type=\"section\">\n\t\t\t\t\t\t<div class=\"elementor-container elementor-column-gap-default\">\n\t\t\t\t\t<div class=\"elementor-column elementor-col-100 elementor-top-column elementor-element elementor-element-6ff4c26\" data-id=\"6ff4c26\" data-element_type=\"column\" data-e-type=\"column\">\n\t\t\t<div class=\"elementor-widget-wrap elementor-element-populated\">\n\t\t\t\t\t\t<div class=\"elementor-element elementor-element-68d799a elementor-widget elementor-widget-video\" data-id=\"68d799a\" data-element_type=\"widget\" data-e-type=\"widget\" data-settings=\"{&quot;youtube_url&quot;:&quot;https:\\\/\\\/youtu.be\\\/dDA86ZkuHEY?feature=shared&quot;,&quot;start&quot;:0,&quot;video_type&quot;:&quot;youtube&quot;,&quot;controls&quot;:&quot;yes&quot;}\" data-widget_type=\"video.default\">\n\t\t\t\t<div class=\"elementor-widget-container\">\n\t\t\t\t\t\t\t<div class=\"elementor-wrapper elementor-open-inline\">\n\t\t\t<div class=\"elementor-video\"><\/div>\t\t<\/div>\n\t\t\t\t\t\t<\/div>\n\t\t\t\t<\/div>\n\t\t\t\t\t<\/div>\n\t\t<\/div>\n\t\t\t\t\t<\/div>\n\t\t<\/section>\n\t\t\t\t<\/div>","protected":false},"excerpt":{"rendered":"<p>How Can we help you? Account &amp; Settings How can I subscribe? Click on the \u201cSubscriptions\u201d link in the side navigation. This will take you to our product overview. Select the appropriate product and period (monthly or yearly) and click on \u201cUpgrade Now\u201d. You can then safely enter your payment details and complete the purchase. [&#8230;]\n","protected":false},"author":5,"featured_media":0,"parent":0,"menu_order":0,"comment_status":"closed","ping_status":"closed","template":"","meta":{"om_disable_all_campaigns":false,"_monsterinsights_skip_tracking":false,"_monsterinsights_sitenote_active":false,"_monsterinsights_sitenote_note":"","_monsterinsights_sitenote_category":0,"footnotes":""},"class_list":["post-3407","page","type-page","status-publish","hentry"],"_links":{"self":[{"href":"https:\/\/elbwire.com\/de\/wp-json\/wp\/v2\/pages\/3407","targetHints":{"allow":["GET"]}}],"collection":[{"href":"https:\/\/elbwire.com\/de\/wp-json\/wp\/v2\/pages"}],"about":[{"href":"https:\/\/elbwire.com\/de\/wp-json\/wp\/v2\/types\/page"}],"author":[{"embeddable":true,"href":"https:\/\/elbwire.com\/de\/wp-json\/wp\/v2\/users\/5"}],"replies":[{"embeddable":true,"href":"https:\/\/elbwire.com\/de\/wp-json\/wp\/v2\/comments?post=3407"}],"version-history":[{"count":10,"href":"https:\/\/elbwire.com\/de\/wp-json\/wp\/v2\/pages\/3407\/revisions"}],"predecessor-version":[{"id":3834,"href":"https:\/\/elbwire.com\/de\/wp-json\/wp\/v2\/pages\/3407\/revisions\/3834"}],"wp:attachment":[{"href":"https:\/\/elbwire.com\/de\/wp-json\/wp\/v2\/media?parent=3407"}],"curies":[{"name":"wp","href":"https:\/\/api.w.org\/{rel}","templated":true}]}}